{"id":194,"date":"2019-03-06T18:26:39","date_gmt":"2019-03-06T17:26:39","guid":{"rendered":"https:\/\/www.lafastuchera.it\/sito\/?page_id=194"},"modified":"2023-07-18T18:24:40","modified_gmt":"2023-07-18T16:24:40","slug":"informativa-cookie","status":"publish","type":"page","link":"https:\/\/www.lafastuchera.it\/sito\/informativa-cookie","title":{"rendered":"Informativa Cookie"},"content":{"rendered":"<p>[et_pb_section fb_built=&#8221;1&#8243; fullwidth=&#8221;on&#8221; _builder_version=&#8221;4.16&#8243; background_color=&#8221;#000000&#8243; inner_width_tablet=&#8221;50px&#8221; inner_max_width_tablet=&#8221;50px&#8221; z_index_tablet=&#8221;500&#8243; global_colors_info=&#8221;{}&#8221;][et_pb_fullwidth_post_title meta=&#8221;off&#8221; featured_image=&#8221;off&#8221; text_color=&#8221;light&#8221; _builder_version=&#8221;4.16&#8243; title_text_align=&#8221;left&#8221; title_text_color=&#8221;#ffffff&#8221; title_font_size=&#8221;65px&#8221; custom_padding=&#8221;0px||0px|&#8221; title_font_size_tablet=&#8221;45px&#8221; title_font_size_phone=&#8221;28px&#8221; title_font_size_last_edited=&#8221;on|phone&#8221; z_index_tablet=&#8221;500&#8243; box_shadow_horizontal_tablet=&#8221;0px&#8221; box_shadow_vertical_tablet=&#8221;0px&#8221; box_shadow_blur_tablet=&#8221;40px&#8221; box_shadow_spread_tablet=&#8221;0px&#8221; global_colors_info=&#8221;{}&#8221;][\/et_pb_fullwidth_post_title][\/et_pb_section][et_pb_section fb_built=&#8221;1&#8243; _builder_version=&#8221;4.16&#8243; background_color=&#8221;#000000&#8243; inner_width_tablet=&#8221;50px&#8221; inner_max_width_tablet=&#8221;100px&#8221; inner_max_width_phone=&#8221;50px&#8221; z_index_tablet=&#8221;500&#8243; box_shadow_horizontal_tablet=&#8221;0px&#8221; box_shadow_vertical_tablet=&#8221;0px&#8221; box_shadow_blur_tablet=&#8221;40px&#8221; box_shadow_spread_tablet=&#8221;0px&#8221; global_colors_info=&#8221;{}&#8221;][et_pb_row _builder_version=&#8221;4.16&#8243; width=&#8221;90%&#8221; max_width=&#8221;2560px&#8221; z_index_tablet=&#8221;500&#8243; box_shadow_horizontal_tablet=&#8221;0px&#8221; box_shadow_vertical_tablet=&#8221;0px&#8221; box_shadow_blur_tablet=&#8221;40px&#8221; box_shadow_spread_tablet=&#8221;0px&#8221; global_colors_info=&#8221;{}&#8221;][et_pb_column type=&#8221;4_4&#8243; _builder_version=&#8221;4.16&#8243; custom_padding=&#8221;|||&#8221; global_colors_info=&#8221;{}&#8221; custom_padding__hover=&#8221;|||&#8221;][et_pb_text _builder_version=&#8221;4.21.0&#8243; text_font_size=&#8221;16px&#8221; animation_direction=&#8221;top&#8221; hover_enabled=&#8221;0&#8243; text_font_size_tablet=&#8221;14px&#8221; text_font_size_phone=&#8221;&#8221; text_font_size_last_edited=&#8221;on|tablet&#8221; z_index_tablet=&#8221;500&#8243; text_text_shadow_horizontal_length_tablet=&#8221;0px&#8221; text_text_shadow_vertical_length_tablet=&#8221;0px&#8221; text_text_shadow_blur_strength_tablet=&#8221;1px&#8221; link_text_shadow_horizontal_length_tablet=&#8221;0px&#8221; link_text_shadow_vertical_length_tablet=&#8221;0px&#8221; link_text_shadow_blur_strength_tablet=&#8221;1px&#8221; ul_text_shadow_horizontal_length_tablet=&#8221;0px&#8221; ul_text_shadow_vertical_length_tablet=&#8221;0px&#8221; ul_text_shadow_blur_strength_tablet=&#8221;1px&#8221; ol_text_shadow_horizontal_length_tablet=&#8221;0px&#8221; ol_text_shadow_vertical_length_tablet=&#8221;0px&#8221; ol_text_shadow_blur_strength_tablet=&#8221;1px&#8221; quote_text_shadow_horizontal_length_tablet=&#8221;0px&#8221; quote_text_shadow_vertical_length_tablet=&#8221;0px&#8221; quote_text_shadow_blur_strength_tablet=&#8221;1px&#8221; header_text_shadow_horizontal_length_tablet=&#8221;0px&#8221; header_text_shadow_vertical_length_tablet=&#8221;0px&#8221; header_text_shadow_blur_strength_tablet=&#8221;1px&#8221; header_2_text_shadow_horizontal_length_tablet=&#8221;0px&#8221; header_2_text_shadow_vertical_length_tablet=&#8221;0px&#8221; header_2_text_shadow_blur_strength_tablet=&#8221;1px&#8221; header_3_text_shadow_horizontal_length_tablet=&#8221;0px&#8221; header_3_text_shadow_vertical_length_tablet=&#8221;0px&#8221; header_3_text_shadow_blur_strength_tablet=&#8221;1px&#8221; header_4_text_shadow_horizontal_length_tablet=&#8221;0px&#8221; header_4_text_shadow_vertical_length_tablet=&#8221;0px&#8221; header_4_text_shadow_blur_strength_tablet=&#8221;1px&#8221; header_5_text_shadow_horizontal_length_tablet=&#8221;0px&#8221; header_5_text_shadow_vertical_length_tablet=&#8221;0px&#8221; header_5_text_shadow_blur_strength_tablet=&#8221;1px&#8221; header_6_text_shadow_horizontal_length_tablet=&#8221;0px&#8221; header_6_text_shadow_vertical_length_tablet=&#8221;0px&#8221; header_6_text_shadow_blur_strength_tablet=&#8221;1px&#8221; box_shadow_horizontal_tablet=&#8221;0px&#8221; box_shadow_vertical_tablet=&#8221;0px&#8221; box_shadow_blur_tablet=&#8221;40px&#8221; box_shadow_spread_tablet=&#8221;0px&#8221; global_colors_info=&#8221;{}&#8221; sticky_enabled=&#8221;0&#8243;]<\/p>\n<p>Gentile utente,<\/p>\n<p>La informiamo che la presente informativa sull&#8217;utilizzo dei Cookie \u00e8 redatta in adempimento degli obblighi previsti dal Regolamento UE 679\/2016 e dall\u2019Art. 10 della Direttiva n. 95\/46\/CE, nonch\u00e9 a quanto previsto dalla Direttiva 2002\/58\/CE, come aggiornata dalla Direttiva 2009\/136\/CE, in materia di Cookie e infine ai sensi dell\u2019art. 122 del codice privacy e del Provvedimento del Garante dell\u20198 maggio 2014.<\/p>\n<h4>Titolare del Trattamento dei Dati<\/h4>\n<p><strong>La Fastuchera Vineria &amp; Bistrot Mediterraneo<\/strong> \u2013 Via Saragozza, 60\/A \u2013 40123 Bologna (BO)\u00a0<span id=\"cloakd30b2b8cc014dec8a49bdc2583fa3e5a\"><\/span><\/p>\n<p><b>Indirizzo email del Titolare:<\/b>\u00a0\u00a0<span id=\"cloakd30b2b8cc014dec8a49bdc2583fa3e5a\"><a href=\"mailto:info@lafastuchera.it\" data-slimstat=\"5\">info@lafastuchera.it<\/a><\/span><\/p>\n<p>I singoli cookie di terze parti, nonch\u00e9 i link attraverso i quali l\u2019utente pu\u00f2 ricevere maggiori informazioni e richiedere la disattivazione dei cookie sono riportati nell&#8217;elenco dei servizi indicati nel paragrafo \u201cFinalit\u00e0 del Trattamento dei Dati raccolti\u201d della nostra <a href=\"https:\/\/www.lafastuchera.it\/sito\/informativa-privacy\/\">informativa sulla privacy<\/a> a cui si rimanda.<\/p>\n<p>Riportiamo qui sotto ulteriori informazioni sull&#8217;utilizzo dei Cookie da parte di La Fastuchera Vineria &amp; Bistrot Mediterraneo<strong><br \/><\/strong><\/p>\n<p style=\"text-align: justify;\"><strong>Utilizzo dei Cookie da parte di La Fastuchera Vineria &amp; Bistrot Mediterraneo<br \/><\/strong><\/p>\n<p>Il sito di\u00a0La Fastuchera Vineria &amp; Bistrot Mediterraneo utilizza solo cookie tecnici, rispetto ai quali, ai sensi dell\u2019art. 122 del codice privacy e del Provvedimento del Garante dell\u20198 maggio 2014, non \u00e8 richiesto alcun consenso da parte dell\u2019interessato.<\/p>\n<p>Attraverso il sito di La Fastuchera Vineria &amp; Bistrot Mediterraneo sono installati alcuni cookie di terze parti, che si attivano cliccando \u201cOK\u201d sul banner.<\/p>\n<p>Si riporta nel dettaglio un elenco dei singoli cookie di terze parti utilizzati sul sito, nonch\u00e9 i link attraverso i quali\u00a0l\u2019utente\u00a0pu\u00f2\u00a0ricevere\u00a0maggiori informazioni e richiedere la disattivazione dei cookie.<\/p>\n<ul>\n<li>Google Analytics<\/li>\n<li>Social Buttons<\/li>\n<li>Add This<\/li>\n<\/ul>\n<p><strong>Google Analytics<\/strong><\/p>\n<p>Sul sito viene utilizzato\u00a0Google Analytics.<\/p>\n<p>Google Analytics \u00e8 un servizio di analisi web fornito da Google, Inc. (\u201cGoogle\u201d) che utilizza dei \u201ccookie\u201d che vengono depositati sul vostro dispositivo con i quali raccoglie dati personali dell\u2019utente.\u00a0Google utilizza queste informazioni per consentire analisi statistiche in forma aggregata allo scopo di tracciare e esaminare il vostro utilizzo del sito web, compilare report sulle attivit\u00e0 del sito web per gli operatori del sito web e fornire altri servizi relativi alle attivit\u00e0 del sito web e all\u2019utilizzo di Internet.<\/p>\n<ul>\n<li>I Dati generati da Google Analytics sono conservati da Google cos\u00ec come indicato nella Informativa reperibile al seguente link <a href=\"https:\/\/developers.google.com\/analytics\/devguides\/collection\/analyticsjs\/cookie-usage\" target=\"_blank\" rel=\"noopener noreferrer\" data-slimstat-callback=\"false\" data-slimstat-tracking=\"true\">https:\/\/developers.google.com\/analytics\/devguides\/collection\/analyticsjs\/cookie-usage<\/a><\/li>\n<li>Per consultare l\u2019informativa privacy della societ\u00e0 Google Inc., titolare autonomo del trattamento dei dati relativi al servizio Google Analytics, si rinvia al sito Internet <a href=\"http:\/\/www.google.com\/intl\/en\/analytics\/privacyoverview.html\" target=\"_blank\" rel=\"noopener noreferrer\" data-slimstat-callback=\"false\" data-slimstat-tracking=\"true\">http:\/\/www.google.com\/intl\/en\/analytics\/privacyoverview.html<\/a><\/li>\n<li>Al seguente link <a href=\"https:\/\/tools.google.com\/dlpage\/gaoptout?hl=it\" target=\"_blank\" rel=\"noopener noreferrer\" data-slimstat-callback=\"false\" data-slimstat-tracking=\"true\">https:\/\/tools.google.com\/dlpage\/gaoptout?hl=it<\/a>\u00a0\u00e8 inoltre reso disponibile da Google il componente aggiuntivo del browser per la disattivazione di Google Analytics.<\/li>\n<\/ul>\n<p><strong>Pulsanti e widget di social network<\/strong><\/p>\n<p>I Social buttons sono quei particolari \u201cpulsanti\u201d presenti sul sito che raffigurano le icone di social network (esempio, Facebook e Twitter) e consentono agli utenti che stanno navigando di interagire con un \u201cclick\u201d direttamente con le piattaforme social.<\/p>\n<p>Sul sito non sono utilizzati social buttons che tracciano gli utenti ma solo dei link che rinviano agli account del Titolare sui social network raffigurati.\u00a0Tramite l\u2019utilizzo di tali pulsanti non sono pertanto installati sul sito cookie di terze parti.<\/p>\n<p>Si riportano comunque i link ove l\u2019utente pu\u00f2 prendere visione dell\u2019informativa privacy relativa alla gestione dei dati da parte dei Social Network<\/p>\n<ul>\n<li><a href=\"https:\/\/www.facebook.com\/about\/privacy\/\" target=\"_blank\" rel=\"noopener noreferrer\" data-slimstat-callback=\"false\" data-slimstat-tracking=\"true\">https:\/\/it-it.facebook.com\/about\/privacy<\/a><\/li>\n<li><a href=\"https:\/\/www.linkedin.com\/legal\/privacy-policy\" target=\"_blank\" rel=\"noopener noreferrer\">https:\/\/www.linkedin.com\/legal\/privacy-policy<\/a><\/li>\n<\/ul>\n<p><strong>Add This<\/strong><\/p>\n<p>Sul sito viene utilizzato il servizio Add This.<\/p>\n<p>Add This, consente di aggiungere ed effettuare la gestione di pulsanti di alcuni social network per permettere agli utenti di condividere i contenuti sulle varie piattaforme social o tramite alcune applicazioni di messaggistica per Android o \u00a0per IOS.<\/p>\n<p>L\u2019utilizzo di tale servizio di condivisione comporta l\u2019installazione di cookie, anche profilanti, della societ\u00e0 terza che offre il servizio.<\/p>\n<p>Il sito non condivide per\u00f2 alcuna informazione di navigazione o dato dell\u2019utente acquisiti nel caso di utilizzo di tali pulsanti di condivisione, ad eccezione di alcuni dati\u00a0in forma aggregata.<\/p>\n<p>E\u2019\u00a0possibile consultare l\u2019informativa privacy rivolta agli Utenti che si avvalgono del pulsante AddThis Sharing Button al seguente link:<\/p>\n<ul>\n<li><a title=\"http:\/\/www.addthis.com\/privacy\/privacy-policy#publisher-visitors\" href=\"https:\/\/www.oracle.com\/legal\/privacy\/addthis-privacy-policy.html\" target=\"_blank\" rel=\"noopener noreferrer\" data-slimstat=\"5\">https:\/\/www.oracle.com\/legal\/privacy\/addthis-privacy-policy.html<\/a><\/li>\n<li>Per la disattivazione\u00a0<a title=\"http:\/\/www.addthis.com\/privacy\/opt-out\" href=\"https:\/\/www.addthis.com\/\" target=\"_blank\" rel=\"noopener noreferrer\" data-slimstat=\"5\">https:\/\/www.addthis.com\/<\/a><\/li>\n<\/ul>\n<p>Ci teniamo ad ogni modo a precisare che i cookie di terze parti installati a bordo del sito di La Fastuchera Vineria &amp; Bistrot Mediterraneo sono anonimizzati per garantire la privacy dei nostri utenti.<\/p>\n<p style=\"text-align: left;\"><strong>Modalit\u00e0 del trattamento<\/strong><\/p>\n<p style=\"text-align: left;\">Il trattamento viene effettuato con strumenti automatizzati dal Titolare. Non viene effettuata alcuna diffusione o comunicazione.<\/p>\n<p style=\"text-align: left;\"><strong>Conferimento dei dati<\/strong><\/p>\n<p style=\"text-align: left;\">Fatta eccezione per i cookie tecnici strettamente necessari alla normale navigazione, il conferimento dei dati \u00e8 rimesso alla volont\u00e0 dell\u2019interessato che decida di navigare sul sito dopo aver preso visione dell\u2019informativa breve contenuta nell\u2019apposito banner e di usufruire dei servizi che comportano l\u2019installazione di cookie.<\/p>\n<p style=\"text-align: left;\">L\u2019interessato pu\u00f2 quindi evitare l\u2019installazione dei cookie mantenendo il banner (astenendosi quindi dal chiuderlo cliccando sul tasto \u201cOK\u201d) togliendo il segno di spunta ad alcuni o a tutte le categorie di cookie utilizzate dal sito (Preferenze, Statistiche, Marketing, etc.), nonch\u00e9 attraverso le apposite funzioni disponibili sul proprio browser.<\/p>\n<p style=\"text-align: left;\"><strong>Gestione e Disattivazione dei cookie<\/strong><\/p>\n<p>In aggiunta a quanto indicato in questo documento, l\u2019utente pu\u00f2 gestire ed eliminare le preferenze relative ai Cookie direttamente all&#8217;interno del proprio browser ed impedire \u2013 ad esempio \u2013 che terze parti possano installarne.<\/p>\n<p>Tramite le preferenze del browser \u00e8 inoltre possibile eliminare i Cookie installati in passato, incluso il Cookie in cui venga eventualmente salvato il consenso all&#8217;installazione di Cookie da parte di questo sito. \u00c8 importante notare che disabilitando tutti i Cookie, il funzionamento di questo sito potrebbe essere compromesso.<\/p>\n<p>Ciascun browser presenta procedure diverse per la gestione delle impostazioni. L\u2019utente pu\u00f2\u00a0informazioni pi\u00f9 dettagliate in riferimento alle opzioni di disabilitazione dei cookies attraverso i link sottostanti:<\/p>\n<ul style=\"text-align: left;\">\n<li>Ulteriori informazioni sulla disabilitazione dei cookie su <a href=\"https:\/\/support.mozilla.org\/it\/kb\/Attivare%20e%20disattivare%20i%20cookie\" target=\"_blank\" rel=\"noopener noreferrer\">Firefox<\/a><\/li>\n<li>Ulteriori informazioni sulla disabilitazione dei cookie su <a href=\"https:\/\/support.google.com\/chrome\/answer\/95647?hl=it&amp;p=cpn_cookies\" target=\"_blank\" rel=\"noopener noreferrer\">Chrome<\/a><\/li>\n<li>Ulteriori informazioni sulla disabilitazione dei cookie su <a href=\"https:\/\/windows.microsoft.com\/it-it\/internet-explorer\/delete-manage-cookies#ie=ie-11\" target=\"_blank\" rel=\"noopener noreferrer\">Internet Explorer<\/a><\/li>\n<li>Ulteriori informazioni sulla disabilitazione dei cookie su <a href=\"https:\/\/support.apple.com\/it-it\/guide\/safari\/sfri11471\/mac\" target=\"_blank\" rel=\"noopener noreferrer\">Safari<\/a><\/li>\n<li>Ulteriori informazioni sulla disabilitazione dei cookie su <a href=\"https:\/\/help.opera.com\/en\/latest\/web-preferences\/#cookies\" target=\"_blank\" rel=\"noopener noreferrer\">Opera<\/a><\/li>\n<\/ul>\n<p style=\"text-align: left;\">Da dispositivo mobile:<\/p>\n<ul style=\"text-align: left;\">\n<li>Ulteriori informazioni sulla disabilitazione dei cookie su <a href=\"https:\/\/support.google.com\/chrome\/answer\/95647?hl=it\" target=\"_blank\" rel=\"alternate noopener noreferrer\">Android<\/a><\/li>\n<li>Ulteriori informazioni sulla disabilitazione dei cookie su <a href=\"https:\/\/support.apple.com\/it-it\/HT201265\" target=\"_blank\" rel=\"alternate noopener noreferrer\">IOS<\/a><\/li>\n<li>Ulteriori informazioni sulla disabilitazione dei cookie su <a href=\"http:\/\/www.windowsphone.com\/it-it\/how-to\/wp7\/web\/changing-privacy-and-other-browser-settings\" target=\"_blank\" rel=\"alternate noopener noreferrer\">Windows Phone<\/a><\/li>\n<\/ul>\n<p style=\"text-align: left;\">La disattivazione dei cookie di terze parti \u00e8 inoltre possibile attraverso le modalit\u00e0 rese disponibili direttamente dalla societ\u00e0 terza titolare per detto trattamento, come indicato ai link riportati nel paragrafo \u201ccookie di terze parti\u201d.<\/p>\n<p>In caso di servizi erogati da terze parti, l\u2019Utente pu\u00f2 inoltre esercitare il proprio diritto ad opporsi al tracciamento informandosi tramite la privacy policy della terza parte, tramite il link di opt out se esplicitamente fornito o contattando direttamente la stessa.<\/p>\n<p style=\"text-align: left;\">Per avere informazioni sui cookie archiviati sul proprio terminale e disattivarli singolarmente si rinvia al link: <a href=\"http:\/\/www.youronlinechoices.com\/it\/le-tue-scelte\" target=\"_blank\" rel=\"noopener noreferrer\">http:\/\/www.youronlinechoices.com\/it\/le-tue-scelte<\/a><\/p>\n<p>[\/et_pb_text][\/et_pb_column][\/et_pb_row][\/et_pb_section]<\/p>\n<!-- AddThis Advanced Settings generic via filter on the_content --><!-- AddThis Share Buttons generic via filter on the_content -->","protected":false},"excerpt":{"rendered":"<p>Gentile utente, La informiamo che la presente informativa sull&#8217;utilizzo dei Cookie \u00e8 redatta in adempimento degli obblighi previsti dal Regolamento UE 679\/2016 e dall\u2019Art. 10 della Direttiva n. 95\/46\/CE, nonch\u00e9 a quanto previsto dalla Direttiva 2002\/58\/CE, come aggiornata dalla Direttiva 2009\/136\/CE, in materia di Cookie e infine ai sensi dell\u2019art. 122 del codice privacy e [&hellip;]<\/p>\n<p><!-- AddThis Advanced Settings generic via filter on get_the_excerpt --><!-- AddThis Share Buttons generic via filter on get_the_excerpt --><\/p>\n","protected":false},"author":1,"featured_media":0,"parent":0,"menu_order":0,"comment_status":"closed","ping_status":"closed","template":"","meta":{"_et_pb_use_builder":"on","_et_pb_old_content":"","_et_gb_content_width":"","footnotes":""},"class_list":["post-194","page","type-page","status-publish","hentry"],"yoast_head":"<!-- This site is optimized with the Yoast SEO plugin v27.3 - https:\/\/yoast.com\/product\/yoast-seo-wordpress\/ -->\n<title>Informativa Cookie - La Fastuchera Vineria &amp; Bistrot Mediterraneo Bologna<\/title>\n<meta name=\"description\" content=\"Gentile utente, La informiamo che la presente informativa sull&#039;utilizzo dei Cookie \u00e8 redatta in adempimento degli obblighi previsti dal Regolamento UE 679\/\" \/>\n<meta name=\"robots\" content=\"index, follow, max-snippet:-1, max-image-preview:large, max-video-preview:-1\" \/>\n<link rel=\"canonical\" href=\"https:\/\/www.lafastuchera.it\/sito\/informativa-cookie\" \/>\n<meta property=\"og:locale\" content=\"it_IT\" \/>\n<meta property=\"og:type\" content=\"article\" \/>\n<meta property=\"og:title\" content=\"Informativa Cookie - La Fastuchera Vineria &amp; Bistrot Mediterraneo Bologna\" \/>\n<meta property=\"og:description\" content=\"Gentile utente, La informiamo che la presente informativa sull&#039;utilizzo dei Cookie \u00e8 redatta in adempimento degli obblighi previsti dal Regolamento UE 679\/\" \/>\n<meta property=\"og:url\" content=\"https:\/\/www.lafastuchera.it\/sito\/informativa-cookie\" \/>\n<meta property=\"og:site_name\" content=\"La Fastuchera Vineria &amp; Bistrot Mediterraneo Bologna\" \/>\n<meta property=\"article:modified_time\" content=\"2023-07-18T16:24:40+00:00\" \/>\n<meta name=\"twitter:card\" content=\"summary_large_image\" \/>\n<meta name=\"twitter:label1\" content=\"Tempo di lettura stimato\" \/>\n\t<meta name=\"twitter:data1\" content=\"8 minuti\" \/>\n<script type=\"application\/ld+json\" class=\"yoast-schema-graph\">{\"@context\":\"https:\\\/\\\/schema.org\",\"@graph\":[{\"@type\":\"WebPage\",\"@id\":\"https:\\\/\\\/www.lafastuchera.it\\\/sito\\\/informativa-cookie\",\"url\":\"https:\\\/\\\/www.lafastuchera.it\\\/sito\\\/informativa-cookie\",\"name\":\"Informativa Cookie - La Fastuchera Vineria &amp; Bistrot Mediterraneo Bologna\",\"isPartOf\":{\"@id\":\"https:\\\/\\\/www.lafastuchera.it\\\/sito\\\/#website\"},\"datePublished\":\"2019-03-06T17:26:39+00:00\",\"dateModified\":\"2023-07-18T16:24:40+00:00\",\"description\":\"Gentile utente, La informiamo che la presente informativa sull'utilizzo dei Cookie \u00e8 redatta in adempimento degli obblighi previsti dal Regolamento UE 679\\\/\",\"breadcrumb\":{\"@id\":\"https:\\\/\\\/www.lafastuchera.it\\\/sito\\\/informativa-cookie#breadcrumb\"},\"inLanguage\":\"it-IT\",\"potentialAction\":[{\"@type\":\"ReadAction\",\"target\":[\"https:\\\/\\\/www.lafastuchera.it\\\/sito\\\/informativa-cookie\"]}]},{\"@type\":\"BreadcrumbList\",\"@id\":\"https:\\\/\\\/www.lafastuchera.it\\\/sito\\\/informativa-cookie#breadcrumb\",\"itemListElement\":[{\"@type\":\"ListItem\",\"position\":1,\"name\":\"Home\",\"item\":\"https:\\\/\\\/www.lafastuchera.it\\\/sito\"},{\"@type\":\"ListItem\",\"position\":2,\"name\":\"Informativa Cookie\"}]},{\"@type\":\"WebSite\",\"@id\":\"https:\\\/\\\/www.lafastuchera.it\\\/sito\\\/#website\",\"url\":\"https:\\\/\\\/www.lafastuchera.it\\\/sito\\\/\",\"name\":\"La Fastuchera Vineria &amp; Bistrot Mediterraneo Bologna\",\"description\":\"\",\"publisher\":{\"@id\":\"https:\\\/\\\/www.lafastuchera.it\\\/sito\\\/#organization\"},\"potentialAction\":[{\"@type\":\"SearchAction\",\"target\":{\"@type\":\"EntryPoint\",\"urlTemplate\":\"https:\\\/\\\/www.lafastuchera.it\\\/sito\\\/?s={search_term_string}\"},\"query-input\":{\"@type\":\"PropertyValueSpecification\",\"valueRequired\":true,\"valueName\":\"search_term_string\"}}],\"inLanguage\":\"it-IT\"},{\"@type\":\"Organization\",\"@id\":\"https:\\\/\\\/www.lafastuchera.it\\\/sito\\\/#organization\",\"name\":\"La Fastuchera Vineria & Bistrot Mediterraneo Bologna\",\"url\":\"https:\\\/\\\/www.lafastuchera.it\\\/sito\\\/\",\"logo\":{\"@type\":\"ImageObject\",\"inLanguage\":\"it-IT\",\"@id\":\"https:\\\/\\\/www.lafastuchera.it\\\/sito\\\/#\\\/schema\\\/logo\\\/image\\\/\",\"url\":\"https:\\\/\\\/www.lafastuchera.it\\\/sito\\\/wp-content\\\/uploads\\\/2019\\\/07\\\/cropped-favicon-la-fastuchera-vineria-bistrot-mediterraneo-bologna.png\",\"contentUrl\":\"https:\\\/\\\/www.lafastuchera.it\\\/sito\\\/wp-content\\\/uploads\\\/2019\\\/07\\\/cropped-favicon-la-fastuchera-vineria-bistrot-mediterraneo-bologna.png\",\"width\":512,\"height\":512,\"caption\":\"La Fastuchera Vineria & Bistrot Mediterraneo Bologna\"},\"image\":{\"@id\":\"https:\\\/\\\/www.lafastuchera.it\\\/sito\\\/#\\\/schema\\\/logo\\\/image\\\/\"}}]}<\/script>\n<!-- \/ Yoast SEO plugin. -->","yoast_head_json":{"title":"Informativa Cookie - La Fastuchera Vineria &amp; Bistrot Mediterraneo Bologna","description":"Gentile utente, La informiamo che la presente informativa sull'utilizzo dei Cookie \u00e8 redatta in adempimento degli obblighi previsti dal Regolamento UE 679\/","robots":{"index":"index","follow":"follow","max-snippet":"max-snippet:-1","max-image-preview":"max-image-preview:large","max-video-preview":"max-video-preview:-1"},"canonical":"https:\/\/www.lafastuchera.it\/sito\/informativa-cookie","og_locale":"it_IT","og_type":"article","og_title":"Informativa Cookie - La Fastuchera Vineria &amp; Bistrot Mediterraneo Bologna","og_description":"Gentile utente, La informiamo che la presente informativa sull'utilizzo dei Cookie \u00e8 redatta in adempimento degli obblighi previsti dal Regolamento UE 679\/","og_url":"https:\/\/www.lafastuchera.it\/sito\/informativa-cookie","og_site_name":"La Fastuchera Vineria &amp; Bistrot Mediterraneo Bologna","article_modified_time":"2023-07-18T16:24:40+00:00","twitter_card":"summary_large_image","twitter_misc":{"Tempo di lettura stimato":"8 minuti"},"schema":{"@context":"https:\/\/schema.org","@graph":[{"@type":"WebPage","@id":"https:\/\/www.lafastuchera.it\/sito\/informativa-cookie","url":"https:\/\/www.lafastuchera.it\/sito\/informativa-cookie","name":"Informativa Cookie - La Fastuchera Vineria &amp; Bistrot Mediterraneo Bologna","isPartOf":{"@id":"https:\/\/www.lafastuchera.it\/sito\/#website"},"datePublished":"2019-03-06T17:26:39+00:00","dateModified":"2023-07-18T16:24:40+00:00","description":"Gentile utente, La informiamo che la presente informativa sull'utilizzo dei Cookie \u00e8 redatta in adempimento degli obblighi previsti dal Regolamento UE 679\/","breadcrumb":{"@id":"https:\/\/www.lafastuchera.it\/sito\/informativa-cookie#breadcrumb"},"inLanguage":"it-IT","potentialAction":[{"@type":"ReadAction","target":["https:\/\/www.lafastuchera.it\/sito\/informativa-cookie"]}]},{"@type":"BreadcrumbList","@id":"https:\/\/www.lafastuchera.it\/sito\/informativa-cookie#breadcrumb","itemListElement":[{"@type":"ListItem","position":1,"name":"Home","item":"https:\/\/www.lafastuchera.it\/sito"},{"@type":"ListItem","position":2,"name":"Informativa Cookie"}]},{"@type":"WebSite","@id":"https:\/\/www.lafastuchera.it\/sito\/#website","url":"https:\/\/www.lafastuchera.it\/sito\/","name":"La Fastuchera Vineria &amp; Bistrot Mediterraneo Bologna","description":"","publisher":{"@id":"https:\/\/www.lafastuchera.it\/sito\/#organization"},"potentialAction":[{"@type":"SearchAction","target":{"@type":"EntryPoint","urlTemplate":"https:\/\/www.lafastuchera.it\/sito\/?s={search_term_string}"},"query-input":{"@type":"PropertyValueSpecification","valueRequired":true,"valueName":"search_term_string"}}],"inLanguage":"it-IT"},{"@type":"Organization","@id":"https:\/\/www.lafastuchera.it\/sito\/#organization","name":"La Fastuchera Vineria & Bistrot Mediterraneo Bologna","url":"https:\/\/www.lafastuchera.it\/sito\/","logo":{"@type":"ImageObject","inLanguage":"it-IT","@id":"https:\/\/www.lafastuchera.it\/sito\/#\/schema\/logo\/image\/","url":"https:\/\/www.lafastuchera.it\/sito\/wp-content\/uploads\/2019\/07\/cropped-favicon-la-fastuchera-vineria-bistrot-mediterraneo-bologna.png","contentUrl":"https:\/\/www.lafastuchera.it\/sito\/wp-content\/uploads\/2019\/07\/cropped-favicon-la-fastuchera-vineria-bistrot-mediterraneo-bologna.png","width":512,"height":512,"caption":"La Fastuchera Vineria & Bistrot Mediterraneo Bologna"},"image":{"@id":"https:\/\/www.lafastuchera.it\/sito\/#\/schema\/logo\/image\/"}}]}},"_links":{"self":[{"href":"https:\/\/www.lafastuchera.it\/sito\/wp-json\/wp\/v2\/pages\/194","targetHints":{"allow":["GET"]}}],"collection":[{"href":"https:\/\/www.lafastuchera.it\/sito\/wp-json\/wp\/v2\/pages"}],"about":[{"href":"https:\/\/www.lafastuchera.it\/sito\/wp-json\/wp\/v2\/types\/page"}],"author":[{"embeddable":true,"href":"https:\/\/www.lafastuchera.it\/sito\/wp-json\/wp\/v2\/users\/1"}],"replies":[{"embeddable":true,"href":"https:\/\/www.lafastuchera.it\/sito\/wp-json\/wp\/v2\/comments?post=194"}],"version-history":[{"count":0,"href":"https:\/\/www.lafastuchera.it\/sito\/wp-json\/wp\/v2\/pages\/194\/revisions"}],"wp:attachment":[{"href":"https:\/\/www.lafastuchera.it\/sito\/wp-json\/wp\/v2\/media?parent=194"}],"curies":[{"name":"wp","href":"https:\/\/api.w.org\/{rel}","templated":true}]}}